{"id":3318,"date":"2022-12-02T15:26:53","date_gmt":"2022-12-02T15:26:53","guid":{"rendered":"https:\/\/princessejuju.fr\/?page_id=3318"},"modified":"2022-12-02T15:31:36","modified_gmt":"2022-12-02T15:31:36","slug":"elementor-3318","status":"publish","type":"page","link":"https:\/\/princessejuju.fr\/?page_id=3318","title":{"rendered":"Mentions l\u00e9gales"},"content":{"rendered":"\t\t<div data-elementor-type=\"wp-page\" data-elementor-id=\"3318\" class=\"elementor elementor-3318\">\n\t\t\t\t\t\t<section class=\"elementor-section elementor-top-section elementor-element elementor-element-1db9dc65 elementor-hidden-tablet elementor-hidden-mobile elementor-section-boxed elementor-section-height-default elementor-section-height-default\" data-id=\"1db9dc65\" data-element_type=\"section\" data-e-type=\"section\">\n\t\t\t\t\t\t<div class=\"elementor-container elementor-column-gap-default\">\n\t\t\t\t\t<div class=\"elementor-column elementor-col-100 elementor-top-column elementor-element elementor-element-2dc1af11\" data-id=\"2dc1af11\" data-element_type=\"column\" data-e-type=\"column\">\n\t\t\t<div class=\"elementor-widget-wrap elementor-element-populated\">\n\t\t\t\t\t\t<div class=\"elementor-element elementor-element-c1f5918 elementor-widget elementor-widget-spacer\" data-id=\"c1f5918\" data-element_type=\"widget\" data-e-type=\"widget\" data-widget_type=\"spacer.default\">\n\t\t\t\t<div class=\"elementor-widget-container\">\n\t\t\t\t\t\t\t<div class=\"elementor-spacer\">\n\t\t\t<div class=\"elementor-spacer-inner\"><\/div>\n\t\t<\/div>\n\t\t\t\t\t\t<\/div>\n\t\t\t\t<\/div>\n\t\t\t\t\t<\/div>\n\t\t<\/div>\n\t\t\t\t\t<\/div>\n\t\t<\/section>\n\t\t\t\t<section class=\"elementor-section elementor-top-section elementor-element elementor-element-c82a979 elementor-section-boxed elementor-section-height-default elementor-section-height-default\" data-id=\"c82a979\" data-element_type=\"section\" data-e-type=\"section\" data-settings=\"{&quot;background_background&quot;:&quot;classic&quot;}\">\n\t\t\t\t\t\t<div class=\"elementor-container elementor-column-gap-default\">\n\t\t\t\t\t<div class=\"elementor-column elementor-col-100 elementor-top-column elementor-element elementor-element-2962db3\" data-id=\"2962db3\" data-element_type=\"column\" data-e-type=\"column\">\n\t\t\t<div class=\"elementor-widget-wrap elementor-element-populated\">\n\t\t\t\t\t\t<div class=\"elementor-element elementor-element-c3873f4 elementor-widget elementor-widget-text-editor\" data-id=\"c3873f4\" data-element_type=\"widget\" data-e-type=\"widget\" data-widget_type=\"text-editor.default\">\n\t\t\t\t<div class=\"elementor-widget-container\">\n\t\t\t\t\t\t\t\t\t<h4>Mentions l\u00e9gales<\/h4><p><!-- \/wp:heading --><!-- wp:paragraph --><\/p><p class=\"p1\">Le site accessible par les url suivants : www.princessejuju.fr est exploit\u00e9 dans le respect de la l\u00e9gislation fran\u00e7aise. L&rsquo;utilisation de ce site est r\u00e9gie par les pr\u00e9sentes conditions g\u00e9n\u00e9rales. En utilisant le site, vous reconnaissez avoir pris connaissance de ces conditions et les avoir accept\u00e9s.\u00a0<\/p><p>Celles-ci pourront \u00eatres modifi\u00e9es \u00e0 tout moment et sans pr\u00e9avis par l&rsquo;association Princesse Juju.\u00a0<\/p><p>Princesse Jujue ne saurait \u00eatre tenu pour responsable en aucune mani\u00e8re d&rsquo;une mauvaise utilisation du service.\u00a0<\/p><p><!-- \/wp:paragraph --><!-- wp:heading --><\/p><h4>Limitation de responsabilit\u00e9<\/h4><p><!-- \/wp:heading --><!-- wp:paragraph --><!-- \/wp:paragraph --><!-- wp:paragraph --><\/p><p>Les informations contenues sur ce site sont aussi pr\u00e9cises que possibles et le site est p\u00e9riodiquement remis \u00e0 jour. Si vous constatez une lacune, erreur ou ce qui parait \u00eatre un dysfonctionnement, merci de bien vouloir le signaler par <a href=\"associationprincessejuju@gmail.com\">email <\/a>en d\u00e9crivant le probl\u00e8me de la mani\u00e8re la plus pr\u00e9cise possible (page posant un probl\u00e8me, action d\u00e9clenchable, type d&rsquo;ordinateur et de navigateur utilis\u00e9, &#8230;).\u00a0<\/p><p>Les photos sont non contractuelles.\u00a0<\/p><p>Les liens hypertextes mis en place dans le cadre du pr\u00e9sent site internet en direction d&rsquo;autres ressources pr\u00e9sentes sur le r\u00e9seau internet ne sauraient engager la responsabilit\u00e9 de Princesse Juju.\u00a0<\/p><h5>Droit D&rsquo;acc\u00e8s\u00a0<\/h5><p>En application de cette loi, les internautes disposent d&rsquo;un droit d&rsquo;acc\u00e8s, de rectification, de modification et de suppression concernant les donn\u00e9es qui les concernent personnellement. Ce droit peut \u00eatre exerc\u00e9 par voie postale aupr\u00e8s de Princesse Juju &#8211; 93 avenue d&rsquo;Esbly &#8211; 77150 LESIGNY ou par voir \u00e9lectronique \u00e0 l&rsquo;adresse email suivante : associationprincessejuju@gmail.com\u00a0<\/p><p>Les informations personnelles collect\u00e9es ne sont en aucun cas confi\u00e9es \u00e0 des tiers hormis pour l&rsquo;\u00e9ventuelle bonne ex\u00e9cution de la prestation command\u00e9e par l&rsquo;internaute.\u00a0\u00a0<\/p><p><!-- \/wp:paragraph --><!-- wp:heading --><\/p><h4>Confidentialit\u00e9<\/h4><p><!-- \/wp:heading --><!-- wp:paragraph --><\/p><p>Vos donn\u00e9es personnelles sont confidentielles et ne seront en aucun cas communiqu\u00e9es \u00e0 des tiers hormis pour la bonne ex\u00e9cution de la prestation.\u00a0<\/p><p><!-- \/wp:paragraph --><!-- wp:heading --><\/p><h4>Propri\u00e9t\u00e9 intellectuelle\u00a0<\/h4><p><!-- \/wp:heading --><!-- wp:paragraph --><\/p><p>Tout le contenu du pr\u00e9sent site, incluant, de fa\u00e7on non limitative, les graphismes, images, textes, vid\u00e9os, animations, sons, logos, gifs et ic\u00f4nes ainsi que leur mise en forme sont la propri\u00e9t\u00e9 exclusive de l&rsquo;association Princesse Juju \u00e0 l&rsquo;exception des marques, logos ou contenus appartenant \u00e0 d&rsquo;autres soci\u00e9t\u00e9s partenaires ou auteurs.\u00a0<\/p><p>Toute reproduction, distribution, modification, adaptation, retransmission ou publication, m\u00eame partielle, de ces crit\u00e8res \u00e9l\u00e9ments est strictement interdite sans l&rsquo;accord expr\u00e8s par \u00e9crit de Princesse Juju. Cette repr\u00e9sentation ou reproduction, par quelque proc\u00e9d\u00e9 que ce soit, constitue une contrefa\u00e7on sanctionn\u00e9e par les articles L.3335-2 et suivants du Code de la propri\u00e9t\u00e9 intellectuelle. Le non-respect de cette interdiction constitue une contrefa\u00e7on pouvant engager la responsabilit\u00e9 civile et p\u00e9nale du contrefacteur. En outre, les propri\u00e9taires des Contenus copi\u00e9s pourraient intenter une action en justice \u00e0 votre encontre.\u00a0<\/p><p>Les utilisateurs et visiteurs du site internet peuvent mettre en place un hyperlien en direction de ce site, mais uniquement en direction de la page d&rsquo;accueil, accessible \u00e0 l&rsquo;URL suivante : https:\/\/princessejuju.fr\/, \u00e0 condition que ce lien s&rsquo;ouvre dans une nouvelle fen\u00eatre. En particulier, un lien vers une sous page(\u00ab\u00a0lien profond\u00a0\u00bb) est interdit, ainsi que l&rsquo;ouverture du pr\u00e9sent site au sein d&rsquo;un cadre (\u00ab\u00a0framing\u00a0\u00bb), sauf l&rsquo;autorisation expresse et pr\u00e9alable de Princesse Juju.\u00a0<\/p><p>Pour toute demande d&rsquo;autorisation ou d&rsquo;information, veuillez nous contacter par email : associationprincessejuju@gmail.com. Des conditions sp\u00e9cifiques sont pr\u00e9vues pour la presse.\u00a0<\/p><h5>Cookies\u00a0<\/h5><p>Pour des besoins de statistiques et d&rsquo;affichage, le pr\u00e9sent site utilise des cookies. Il s&rsquo;agit de petits fichiers textes stock\u00e9s sur votre disque dur afin d&rsquo;enregistrer des donn\u00e9es techniques sur votre navigation. Certaines parties de ce site ne peuvent \u00eatre fonctionnelle sans l&rsquo;acceptation de cookies.\u00a0<\/p><h5>Contactez-nous<\/h5><p>Princesse Juju est \u00e0 votre disposition pour tous vos commentaires ou suggestions. Vous pouvez nous \u00e9crire par courrier \u00e9lectronique \u00e0 associationprincessejuju@gmail.com.\u00a0<\/p><p><!-- \/wp:paragraph --><!-- wp:heading --><\/p><h4>Qui sommes-nous ?\u00a0<\/h4><p><!-- \/wp:heading --><!-- wp:paragraph --><\/p><p>Dans notre Association Princesse Juju, nous savons que la maladie grave d&rsquo;un enfant est un combat de tous les instants.\u00a0<\/p><p>L&rsquo;annonce de la maladie pour l&rsquo;enfant et sa famille est v\u00e9cu comme un s\u00e9isme et va bouleverser profond\u00e9ment un quotidien.\u00a0<\/p><p>Chaque famille va vivre et ressentir une succession d&rsquo;\u00e9motions. De la douleur, de la col\u00e8re, de l&rsquo;abattement, de l&rsquo;espoir et de la joie parfois.\u00a0<\/p><p>C&rsquo;est pour aider et soutenir ces familles et les enfants qui traversent cette \u00e9preuve que j&rsquo;ai fond\u00e9 cette association en 2017 en souvenir de ma fille Juliette d\u00e9c\u00e9d\u00e9e le 5 septembre 2017.\u00a0<\/p><p>Chacun des membres de l&rsquo;association se mobilise pour accompagner les enfants gravement malades et leurs familles autour de projets permettant d&rsquo;am\u00e9liorer leur quotidien \u00e0 l&rsquo;h\u00f4pital, \u00e0 la maison, \u00e0 l&rsquo;\u00e9cole dans le respect des structures et en \u00e9troite collaboration avec les \u00e9quipes m\u00e9dicales, param\u00e9dicales, enseignants&#8230;<\/p>\t\t\t\t\t\t\t\t<\/div>\n\t\t\t\t<\/div>\n\t\t\t\t\t<\/div>\n\t\t<\/div>\n\t\t\t\t\t<\/div>\n\t\t<\/section>\n\t\t\t\t<\/div>\n\t\t","protected":false},"excerpt":{"rendered":"<p>Mentions l\u00e9gales Le site accessible par les url suivants : www.princessejuju.fr est exploit\u00e9 dans le respect de la l\u00e9gislation fran\u00e7aise. L&rsquo;utilisation de ce site est r\u00e9gie par les pr\u00e9sentes conditions g\u00e9n\u00e9rales. En utilisant le site, vous reconnaissez avoir pris connaissance de ces conditions et les avoir accept\u00e9s.&nbsp; Celles-ci pourront \u00eatres modifi\u00e9es \u00e0 tout moment et [&hellip;]<\/p>\n","protected":false},"author":1,"featured_media":0,"parent":0,"menu_order":0,"comment_status":"closed","ping_status":"closed","template":"","meta":{"site-sidebar-layout":"no-sidebar","site-content-layout":"page-builder","ast-site-content-layout":"default","site-content-style":"default","site-sidebar-style":"default","ast-global-header-display":"","ast-banner-title-visibility":"","ast-main-header-display":"","ast-hfb-above-header-display":"","ast-hfb-below-header-display":"","ast-hfb-mobile-header-display":"","site-post-title":"disabled","ast-breadcrumbs-content":"","ast-featured-img":"disabled","footer-sml-layout":"","ast-disable-related-posts":"","theme-transparent-header-meta":"","adv-header-id-meta":"","stick-header-meta":"","header-above-stick-meta":"","header-main-stick-meta":"","header-below-stick-meta":"","astra-migrate-meta-layouts":"default","ast-page-background-enabled":"default","ast-page-background-meta":{"desktop":{"background-color":"","background-image":"","background-repeat":"repeat","background-position":"center center","background-size":"auto","background-attachment":"scroll","background-type":"","background-media":"","overlay-type":"","overlay-color":"","overlay-opacity":"","overlay-gradient":""},"tablet":{"background-color":"","background-image":"","background-repeat":"repeat","background-position":"center center","background-size":"auto","background-attachment":"scroll","background-type":"","background-media":"","overlay-type":"","overlay-color":"","overlay-opacity":"","overlay-gradient":""},"mobile":{"background-color":"","background-image":"","background-repeat":"repeat","background-position":"center center","background-size":"auto","background-attachment":"scroll","background-type":"","background-media":"","overlay-type":"","overlay-color":"","overlay-opacity":"","overlay-gradient":""}},"ast-content-background-meta":{"desktop":{"background-color":"var(--ast-global-color-5)","background-image":"","background-repeat":"repeat","background-position":"center center","background-size":"auto","background-attachment":"scroll","background-type":"","background-media":"","overlay-type":"","overlay-color":"","overlay-opacity":"","overlay-gradient":""},"tablet":{"background-color":"var(--ast-global-color-5)","background-image":"","background-repeat":"repeat","background-position":"center center","background-size":"auto","background-attachment":"scroll","background-type":"","background-media":"","overlay-type":"","overlay-color":"","overlay-opacity":"","overlay-gradient":""},"mobile":{"background-color":"var(--ast-global-color-5)","background-image":"","background-repeat":"repeat","background-position":"center center","background-size":"auto","background-attachment":"scroll","background-type":"","background-media":"","overlay-type":"","overlay-color":"","overlay-opacity":"","overlay-gradient":""}},"footnotes":""},"class_list":["post-3318","page","type-page","status-publish","hentry"],"_links":{"self":[{"href":"https:\/\/princessejuju.fr\/index.php?rest_route=\/wp\/v2\/pages\/3318","targetHints":{"allow":["GET"]}}],"collection":[{"href":"https:\/\/princessejuju.fr\/index.php?rest_route=\/wp\/v2\/pages"}],"about":[{"href":"https:\/\/princessejuju.fr\/index.php?rest_route=\/wp\/v2\/types\/page"}],"author":[{"embeddable":true,"href":"https:\/\/princessejuju.fr\/index.php?rest_route=\/wp\/v2\/users\/1"}],"replies":[{"embeddable":true,"href":"https:\/\/princessejuju.fr\/index.php?rest_route=%2Fwp%2Fv2%2Fcomments&post=3318"}],"version-history":[{"count":5,"href":"https:\/\/princessejuju.fr\/index.php?rest_route=\/wp\/v2\/pages\/3318\/revisions"}],"predecessor-version":[{"id":3326,"href":"https:\/\/princessejuju.fr\/index.php?rest_route=\/wp\/v2\/pages\/3318\/revisions\/3326"}],"wp:attachment":[{"href":"https:\/\/princessejuju.fr\/index.php?rest_route=%2Fwp%2Fv2%2Fmedia&parent=3318"}],"curies":[{"name":"wp","href":"https:\/\/api.w.org\/{rel}","templated":true}]}}